{"id":23,"date":"2022-12-26T08:49:16","date_gmt":"2022-12-26T08:49:16","guid":{"rendered":"https:\/\/kralenerji.com.tr\/?page_id=23"},"modified":"2023-01-02T17:22:20","modified_gmt":"2023-01-02T17:22:20","slug":"23-2","status":"publish","type":"page","link":"https:\/\/kralenerji.com.tr\/","title":{"rendered":""},"content":{"rendered":"\n\n\n\n\n<div class=\"row row-large align-middle align-center row-dashed\"  id=\"row-972193390\">\n\n<div class=\"col medium-6 small-12 large-6\"  ><div class=\"col-inner\"  >\n\n\t<div class=\"img has-hover x md-x lg-x y md-y lg-y\" id=\"image_1968531851\">\r\n\t\t<a class=\"\" href=\"https:\/\/www.tesis.kralenerji.com.tr\/\" target=\"_self\" >\t\t\t\t\t\t<div class=\"img-inner dark\" >\r\n\t\t\t<img loading=\"lazy\" decoding=\"async\" width=\"376\" height=\"450\" src=\"https:\/\/kralenerji.com.tr\/wp-content\/uploads\/2022\/12\/tesis.jpg\" class=\"attachment-large size-large\" alt=\"\" srcset=\"https:\/\/kralenerji.com.tr\/wp-content\/uploads\/2022\/12\/tesis.jpg 376w, https:\/\/kralenerji.com.tr\/wp-content\/uploads\/2022\/12\/tesis-251x300.jpg 251w\" sizes=\"auto, (max-width: 376px) 100vw, 376px\" \/>\t\t\t\t\t\t\r\n\t\t\t\t\t<\/div>\r\n\t\t\t\t\t\t<\/a>\t\t\n<style scope=\"scope\">\n\n#image_1968531851 {\n  width: 99%;\n}\n<\/style>\n\t<\/div>\r\n\t\n\n<h2 style=\"text-align: center;\"><a href=\"https:\/\/www.tesis.kralenerji.com.tr\/\">Tesis Kurulum<\/a><\/h2>\n\n<\/div><\/div>\n<div class=\"col medium-6 small-12 large-6\"  ><div class=\"col-inner text-center\" style=\"padding:0px 0px 0px 0;\" >\n\n\t<div class=\"img has-hover x md-x lg-x y md-y lg-y\" id=\"image_299412249\">\r\n\t\t<a class=\"\" href=\"http:\/\/www.satis.kralenerji.com.tr\/\" target=\"_self\" >\t\t\t\t\t\t<div class=\"img-inner dark\" style=\"margin:0 0px 0px 0px;\">\r\n\t\t\t<img loading=\"lazy\" decoding=\"async\" width=\"376\" height=\"450\" src=\"https:\/\/kralenerji.com.tr\/wp-content\/uploads\/2022\/12\/pelet-satis-1.png\" class=\"attachment-large size-large\" alt=\"\" srcset=\"https:\/\/kralenerji.com.tr\/wp-content\/uploads\/2022\/12\/pelet-satis-1.png 376w, https:\/\/kralenerji.com.tr\/wp-content\/uploads\/2022\/12\/pelet-satis-1-251x300.png 251w\" sizes=\"auto, (max-width: 376px) 100vw, 376px\" \/>\t\t\t\t\t\t\r\n\t\t\t\t\t<\/div>\r\n\t\t\t\t\t\t<\/a>\t\t\n<style scope=\"scope\">\n\n#image_299412249 {\n  width: 93%;\n}\n<\/style>\n\t<\/div>\r\n\t\n\n<h2 style=\"text-align: center;\"><a href=\"http:\/\/www.satis.kralenerji.com.tr\/\">Pelet Sat\u0131\u015f\u0131<\/a><\/h2>\n\n<\/div><\/div>\n\n\n<style scope=\"scope\">\n\n<\/style>\n<\/div>\n\n\n","protected":false},"excerpt":{"rendered":"","protected":false},"author":1,"featured_media":0,"parent":0,"menu_order":0,"comment_status":"closed","ping_status":"closed","template":"","meta":{"footnotes":""},"class_list":["post-23","page","type-page","status-publish","hentry"],"_links":{"self":[{"href":"https:\/\/kralenerji.com.tr\/index.php\/wp-json\/wp\/v2\/pages\/23","targetHints":{"allow":["GET"]}}],"collection":[{"href":"https:\/\/kralenerji.com.tr\/index.php\/wp-json\/wp\/v2\/pages"}],"about":[{"href":"https:\/\/kralenerji.com.tr\/index.php\/wp-json\/wp\/v2\/types\/page"}],"author":[{"embeddable":true,"href":"https:\/\/kralenerji.com.tr\/index.php\/wp-json\/wp\/v2\/users\/1"}],"replies":[{"embeddable":true,"href":"https:\/\/kralenerji.com.tr\/index.php\/wp-json\/wp\/v2\/comments?post=23"}],"version-history":[{"count":42,"href":"https:\/\/kralenerji.com.tr\/index.php\/wp-json\/wp\/v2\/pages\/23\/revisions"}],"predecessor-version":[{"id":86,"href":"https:\/\/kralenerji.com.tr\/index.php\/wp-json\/wp\/v2\/pages\/23\/revisions\/86"}],"wp:attachment":[{"href":"https:\/\/kralenerji.com.tr\/index.php\/wp-json\/wp\/v2\/media?parent=23"}],"curies":[{"name":"wp","href":"https:\/\/api.w.org\/{rel}","templated":true}]}}